{"id":1353,"date":"2024-03-30T13:02:13","date_gmt":"2024-03-30T16:02:13","guid":{"rendered":"https:\/\/isc-mlgo.edu.ar\/?page_id=1353"},"modified":"2024-03-30T13:24:29","modified_gmt":"2024-03-30T16:24:29","slug":"mision-vision","status":"publish","type":"page","link":"https:\/\/isc-mlgo.edu.ar\/index.php\/mision-vision\/","title":{"rendered":"Misi\u00f3n-Visi\u00f3n"},"content":{"rendered":"\t\t<div data-elementor-type=\"wp-page\" data-elementor-id=\"1353\" class=\"elementor elementor-1353\" data-elementor-post-type=\"page\">\n\t\t\t\t<div class=\"elementor-element elementor-element-2931450 e-flex e-con-boxed e-con e-parent\" data-id=\"2931450\" data-element_type=\"container\" data-core-v316-plus=\"true\">\n\t\t\t\t\t<div class=\"e-con-inner\">\n\t\t\t\t<div class=\"elementor-element elementor-element-3d23cdd9 elementor-widget elementor-widget-heading\" data-id=\"3d23cdd9\" data-element_type=\"widget\" data-widget_type=\"heading.default\">\n\t\t\t\t<div class=\"elementor-widget-container\">\n\t\t\t<style>\/*! elementor - v3.20.0 - 26-03-2024 *\/\n.elementor-heading-title{padding:0;margin:0;line-height:1}.elementor-widget-heading .elementor-heading-title[class*=elementor-size-]>a{color:inherit;font-size:inherit;line-height:inherit}.elementor-widget-heading .elementor-heading-title.elementor-size-small{font-size:15px}.elementor-widget-heading .elementor-heading-title.elementor-size-medium{font-size:19px}.elementor-widget-heading .elementor-heading-title.elementor-size-large{font-size:29px}.elementor-widget-heading .elementor-heading-title.elementor-size-xl{font-size:39px}.elementor-widget-heading .elementor-heading-title.elementor-size-xxl{font-size:59px}<\/style><h2 class=\"elementor-heading-title elementor-size-default\">Misi\u00f3n - Visi\u00f3n Institucional<\/h2>\t\t<\/div>\n\t\t\t\t<\/div>\n\t\t\t\t\t<\/div>\n\t\t\t\t<\/div>\n\t\t<div class=\"elementor-element elementor-element-cb19f36 e-flex e-con-boxed e-con e-parent\" data-id=\"cb19f36\" data-element_type=\"container\" data-core-v316-plus=\"true\">\n\t\t\t\t\t<div class=\"e-con-inner\">\n\t\t\t\t<div class=\"elementor-element elementor-element-b99a2fd elementor-widget elementor-widget-image\" data-id=\"b99a2fd\" data-element_type=\"widget\" data-widget_type=\"image.default\">\n\t\t\t\t<div class=\"elementor-widget-container\">\n\t\t\t<style>\/*! elementor - v3.20.0 - 26-03-2024 *\/\n.elementor-widget-image{text-align:center}.elementor-widget-image a{display:inline-block}.elementor-widget-image a img[src$=\".svg\"]{width:48px}.elementor-widget-image img{vertical-align:middle;display:inline-block}<\/style>\t\t\t\t\t\t\t\t\t\t<img fetchpriority=\"high\" decoding=\"async\" width=\"1000\" height=\"250\" src=\"https:\/\/isc-mlgo.edu.ar\/wp-content\/uploads\/2024\/03\/Mision-Vision.jpg\" class=\"attachment-large size-large wp-image-1358\" alt=\"\" srcset=\"https:\/\/isc-mlgo.edu.ar\/wp-content\/uploads\/2024\/03\/Mision-Vision.jpg 1000w, https:\/\/isc-mlgo.edu.ar\/wp-content\/uploads\/2024\/03\/Mision-Vision-300x75.jpg 300w, https:\/\/isc-mlgo.edu.ar\/wp-content\/uploads\/2024\/03\/Mision-Vision-768x192.jpg 768w\" sizes=\"(max-width: 1000px) 100vw, 1000px\" \/>\t\t\t\t\t\t\t\t\t\t\t\t\t<\/div>\n\t\t\t\t<\/div>\n\t\t\t\t\t<\/div>\n\t\t\t\t<\/div>\n\t\t<div class=\"elementor-element elementor-element-1f4d1b7a e-flex e-con-boxed e-con e-parent\" data-id=\"1f4d1b7a\" data-element_type=\"container\" data-core-v316-plus=\"true\">\n\t\t\t\t\t<div class=\"e-con-inner\">\n\t\t\t\t<div class=\"elementor-element elementor-element-60f4e12e elementor-widget elementor-widget-heading\" data-id=\"60f4e12e\" data-element_type=\"widget\" data-widget_type=\"heading.default\">\n\t\t\t\t<div class=\"elementor-widget-container\">\n\t\t\t<h3 class=\"elementor-heading-title elementor-size-default\">Misi\u00f3n<\/h3>\t\t<\/div>\n\t\t\t\t<\/div>\n\t\t\t\t\t<\/div>\n\t\t\t\t<\/div>\n\t\t<div class=\"elementor-element elementor-element-e6311b8 e-flex e-con-boxed e-con e-parent\" data-id=\"e6311b8\" data-element_type=\"container\" data-core-v316-plus=\"true\">\n\t\t\t\t\t<div class=\"e-con-inner\">\n\t\t\t\t<div class=\"elementor-element elementor-element-6799f0b elementor-widget elementor-widget-text-editor\" data-id=\"6799f0b\" data-element_type=\"widget\" data-widget_type=\"text-editor.default\">\n\t\t\t\t<div class=\"elementor-widget-container\">\n\t\t\t<style>\/*! elementor - v3.20.0 - 26-03-2024 *\/\n.elementor-widget-text-editor.elementor-drop-cap-view-stacked .elementor-drop-cap{background-color:#69727d;color:#fff}.elementor-widget-text-editor.elementor-drop-cap-view-framed .elementor-drop-cap{color:#69727d;border:3px solid;background-color:transparent}.elementor-widget-text-editor:not(.elementor-drop-cap-view-default) .elementor-drop-cap{margin-top:8px}.elementor-widget-text-editor:not(.elementor-drop-cap-view-default) .elementor-drop-cap-letter{width:1em;height:1em}.elementor-widget-text-editor .elementor-drop-cap{float:left;text-align:center;line-height:1;font-size:50px}.elementor-widget-text-editor .elementor-drop-cap-letter{display:inline-block}<\/style>\t\t\t\t<p>Nuestra misi\u00f3n en la Instituci\u00f3n Educativa Secundaria Cristiana es proporcionar una educaci\u00f3n integral y centrada en Cristo que promueva el desarrollo hol\u00edstico de nuestros estudiantes. Nos comprometemos a cultivar un ambiente de aprendizaje en el que los valores cristianos, la excelencia acad\u00e9mica y el servicio comunitario se entrelacen para inspirar a los j\u00f3venes a alcanzar su m\u00e1ximo potencial como seguidores de Jesucristo y ciudadanos responsables.<\/p>\t\t\t\t\t\t<\/div>\n\t\t\t\t<\/div>\n\t\t\t\t\t<\/div>\n\t\t\t\t<\/div>\n\t\t<div class=\"elementor-element elementor-element-7674c4cc e-flex e-con-boxed e-con e-parent\" data-id=\"7674c4cc\" data-element_type=\"container\" data-core-v316-plus=\"true\">\n\t\t\t\t\t<div class=\"e-con-inner\">\n\t\t\t\t<div class=\"elementor-element elementor-element-710532d2 elementor-widget elementor-widget-heading\" data-id=\"710532d2\" data-element_type=\"widget\" data-widget_type=\"heading.default\">\n\t\t\t\t<div class=\"elementor-widget-container\">\n\t\t\t<h3 class=\"elementor-heading-title elementor-size-default\">Visi\u00f3n<\/h3>\t\t<\/div>\n\t\t\t\t<\/div>\n\t\t\t\t\t<\/div>\n\t\t\t\t<\/div>\n\t\t<div class=\"elementor-element elementor-element-9c137a1 e-flex e-con-boxed e-con e-parent\" data-id=\"9c137a1\" data-element_type=\"container\" data-core-v316-plus=\"true\">\n\t\t\t\t\t<div class=\"e-con-inner\">\n\t\t\t\t<div class=\"elementor-element elementor-element-ea7e8c3 elementor-widget elementor-widget-text-editor\" data-id=\"ea7e8c3\" data-element_type=\"widget\" data-widget_type=\"text-editor.default\">\n\t\t\t\t<div class=\"elementor-widget-container\">\n\t\t\t\t\t\t\t<p>Nuestra visi\u00f3n es ser reconocidos como una instituci\u00f3n educativa l\u00edder que forma estudiantes con una base s\u00f3lida en la fe cristiana y una preparaci\u00f3n acad\u00e9mica excepcional. Aspiramos a ser una comunidad donde se promueva el crecimiento espiritual, intelectual, emocional y social de nuestros estudiantes, prepar\u00e1ndolos para enfrentar los desaf\u00edos del mundo con convicci\u00f3n, compasi\u00f3n y excelencia.<\/p>\t\t\t\t\t\t<\/div>\n\t\t\t\t<\/div>\n\t\t\t\t\t<\/div>\n\t\t\t\t<\/div>\n\t\t<div class=\"elementor-element elementor-element-1ec589d1 e-flex e-con-boxed e-con e-parent\" data-id=\"1ec589d1\" data-element_type=\"container\" data-core-v316-plus=\"true\">\n\t\t\t\t\t<div class=\"e-con-inner\">\n\t\t\t\t<div class=\"elementor-element elementor-element-30698f2e elementor-widget elementor-widget-heading\" data-id=\"30698f2e\" data-element_type=\"widget\" data-widget_type=\"heading.default\">\n\t\t\t\t<div class=\"elementor-widget-container\">\n\t\t\t<h3 class=\"elementor-heading-title elementor-size-default\">Fundamentaci\u00f3n<\/h3>\t\t<\/div>\n\t\t\t\t<\/div>\n\t\t\t\t\t<\/div>\n\t\t\t\t<\/div>\n\t\t<div class=\"elementor-element elementor-element-8616ea8 e-flex e-con-boxed e-con e-parent\" data-id=\"8616ea8\" data-element_type=\"container\" data-core-v316-plus=\"true\">\n\t\t\t\t\t<div class=\"e-con-inner\">\n\t\t\t\t<div class=\"elementor-element elementor-element-cc505ec elementor-widget elementor-widget-text-editor\" data-id=\"cc505ec\" data-element_type=\"widget\" data-widget_type=\"text-editor.default\">\n\t\t\t\t<div class=\"elementor-widget-container\">\n\t\t\t\t\t\t\t<p>Nuestra instituci\u00f3n se fundamenta en la creencia de que cada individuo es una creaci\u00f3n \u00fanica de Dios, dotada de talentos y habilidades que deben ser cultivados y utilizados para glorificar a Dios y servir a los dem\u00e1s. Creemos en la importancia de integrar la fe cristiana en todos los aspectos de la educaci\u00f3n, proporcionando un ambiente en el que los estudiantes puedan crecer en su relaci\u00f3n con Dios y aprender a aplicar los principios b\u00edblicos en su vida diaria.<\/p>\t\t\t\t\t\t<\/div>\n\t\t\t\t<\/div>\n\t\t\t\t\t<\/div>\n\t\t\t\t<\/div>\n\t\t<div class=\"elementor-element elementor-element-3eb4c3a3 e-flex e-con-boxed e-con e-parent\" data-id=\"3eb4c3a3\" data-element_type=\"container\" data-core-v316-plus=\"true\">\n\t\t\t\t\t<div class=\"e-con-inner\">\n\t\t\t\t<div class=\"elementor-element elementor-element-368fbddc elementor-widget elementor-widget-heading\" data-id=\"368fbddc\" data-element_type=\"widget\" data-widget_type=\"heading.default\">\n\t\t\t\t<div class=\"elementor-widget-container\">\n\t\t\t<h3 class=\"elementor-heading-title elementor-size-default\">Objetivos<\/h3>\t\t<\/div>\n\t\t\t\t<\/div>\n\t\t\t\t<div class=\"elementor-element elementor-element-4107873 elementor-widget elementor-widget-text-editor\" data-id=\"4107873\" data-element_type=\"widget\" data-widget_type=\"text-editor.default\">\n\t\t\t\t<div class=\"elementor-widget-container\">\n\t\t\t\t\t\t\t<ol><li><p><strong>Fomentar el crecimiento espiritual:<\/strong> Proporcionar oportunidades para que los estudiantes profundicen su comprensi\u00f3n de la fe cristiana y desarrollen una relaci\u00f3n personal con Dios a trav\u00e9s de la ense\u00f1anza de la Biblia, la oraci\u00f3n, la adoraci\u00f3n y el servicio.<\/p><\/li><li><p><strong>Promover la excelencia acad\u00e9mica:<\/strong> Ofrecer un plan de estudios riguroso y estimulante que desaf\u00ede a los estudiantes a alcanzar su m\u00e1ximo potencial acad\u00e9mico, desarrollando habilidades de pensamiento cr\u00edtico, resoluci\u00f3n de problemas y comunicaci\u00f3n efectiva.<\/p><\/li><li><p><strong>Inculcar valores cristianos:<\/strong> Ense\u00f1ar y modelar los valores cristianos de amor, honestidad, integridad, perd\u00f3n, justicia y servicio, preparando a los estudiantes para ser ciudadanos responsables y l\u00edderes \u00e9ticos en la sociedad.<\/p><\/li><li><p><strong>Cultivar un ambiente de apoyo:<\/strong> Crear un ambiente escolar seguro, inclusivo y acogedor donde los estudiantes se sientan valorados, respetados y apoyados en su crecimiento personal y acad\u00e9mico.<\/p><\/li><li><p><strong>Fomentar el servicio comunitario:<\/strong> Animar a los estudiantes a participar en actividades de servicio y misi\u00f3n que impacten positivamente a la comunidad local y global, ayud\u00e1ndoles a entender su llamado a ser agentes de cambio y transformaci\u00f3n en el mundo.<\/p><\/li><li><p><strong>Preparar para la vida despu\u00e9s de la secundaria:<\/strong> Equipar a los estudiantes con las habilidades, conocimientos y valores necesarios para enfrentar los desaf\u00edos del mundo universitario, laboral y m\u00e1s all\u00e1, capacit\u00e1ndolos para ser ciudadanos comprometidos y l\u00edderes efectivos en sus comunidades.<\/p><\/li><\/ol>\t\t\t\t\t\t<\/div>\n\t\t\t\t<\/div>\n\t\t\t\t\t<\/div>\n\t\t\t\t<\/div>\n\t\t<div class=\"elementor-element elementor-element-251b8a2 e-flex e-con-boxed e-con e-parent\" data-id=\"251b8a2\" data-element_type=\"container\" data-core-v316-plus=\"true\">\n\t\t\t\t\t<div class=\"e-con-inner\">\n\t\t\t\t\t<\/div>\n\t\t\t\t<\/div>\n\t\t\t\t<\/div>\n\t\t","protected":false},"excerpt":{"rendered":"<p>Misi\u00f3n &#8211; Visi\u00f3n Institucional Misi\u00f3n Nuestra misi\u00f3n en la Instituci\u00f3n Educativa Secundaria Cristiana es proporcionar una educaci\u00f3n integral y centrada en Cristo que promueva el desarrollo hol\u00edstico de nuestros estudiantes. Nos comprometemos a cultivar un ambiente de aprendizaje en el que los valores cristianos, la excelencia acad\u00e9mica y el servicio comunitario se entrelacen para inspirar &#8230; <a title=\"Misi\u00f3n-Visi\u00f3n\" class=\"read-more\" href=\"https:\/\/isc-mlgo.edu.ar\/index.php\/mision-vision\/\">Leer mas&#8230;<\/a><\/p>\n","protected":false},"author":1,"featured_media":0,"parent":0,"menu_order":0,"comment_status":"closed","ping_status":"closed","template":"","meta":{"footnotes":""},"class_list":["post-1353","page","type-page","status-publish"],"_links":{"self":[{"href":"https:\/\/isc-mlgo.edu.ar\/index.php\/wp-json\/wp\/v2\/pages\/1353","targetHints":{"allow":["GET"]}}],"collection":[{"href":"https:\/\/isc-mlgo.edu.ar\/index.php\/wp-json\/wp\/v2\/pages"}],"about":[{"href":"https:\/\/isc-mlgo.edu.ar\/index.php\/wp-json\/wp\/v2\/types\/page"}],"author":[{"embeddable":true,"href":"https:\/\/isc-mlgo.edu.ar\/index.php\/wp-json\/wp\/v2\/users\/1"}],"replies":[{"embeddable":true,"href":"https:\/\/isc-mlgo.edu.ar\/index.php\/wp-json\/wp\/v2\/comments?post=1353"}],"version-history":[{"count":6,"href":"https:\/\/isc-mlgo.edu.ar\/index.php\/wp-json\/wp\/v2\/pages\/1353\/revisions"}],"predecessor-version":[{"id":1361,"href":"https:\/\/isc-mlgo.edu.ar\/index.php\/wp-json\/wp\/v2\/pages\/1353\/revisions\/1361"}],"wp:attachment":[{"href":"https:\/\/isc-mlgo.edu.ar\/index.php\/wp-json\/wp\/v2\/media?parent=1353"}],"curies":[{"name":"wp","href":"https:\/\/api.w.org\/{rel}","templated":true}]}}