{"id":1421,"date":"2024-07-21T20:04:28","date_gmt":"2024-07-21T23:04:28","guid":{"rendered":"https:\/\/isc-mlgo.edu.ar\/?page_id=1421"},"modified":"2024-07-21T21:24:18","modified_gmt":"2024-07-22T00:24:18","slug":"inicio","status":"publish","type":"page","link":"https:\/\/isc-mlgo.edu.ar\/index.php\/inicio\/","title":{"rendered":"Inicio"},"content":{"rendered":"\t\t<div data-elementor-type=\"wp-page\" data-elementor-id=\"1421\" class=\"elementor elementor-1421\" data-elementor-post-type=\"page\">\n\t\t\t\t<div class=\"elementor-element elementor-element-f7acee2 e-flex e-con-boxed e-con e-parent\" data-id=\"f7acee2\" data-element_type=\"container\" data-core-v316-plus=\"true\">\n\t\t\t\t\t<div class=\"e-con-inner\">\n\t\t<div class=\"elementor-element elementor-element-7e2986e e-con-full e-flex e-con e-child\" data-id=\"7e2986e\" data-element_type=\"container\">\n\t\t\t\t<div class=\"elementor-element elementor-element-1d712bd elementor-widget elementor-widget-image\" data-id=\"1d712bd\" data-element_type=\"widget\" data-widget_type=\"image.default\">\n\t\t\t\t<div class=\"elementor-widget-container\">\n\t\t\t<style>\/*! elementor - v3.20.0 - 26-03-2024 *\/\n.elementor-widget-image{text-align:center}.elementor-widget-image a{display:inline-block}.elementor-widget-image a img[src$=\".svg\"]{width:48px}.elementor-widget-image img{vertical-align:middle;display:inline-block}<\/style>\t\t\t\t\t\t\t\t\t\t<img fetchpriority=\"high\" decoding=\"async\" width=\"447\" height=\"219\" src=\"https:\/\/isc-mlgo.edu.ar\/wp-content\/uploads\/2024\/07\/San-Carlos-e1614962400588.jpg\" class=\"attachment-large size-large wp-image-1422\" alt=\"\" srcset=\"https:\/\/isc-mlgo.edu.ar\/wp-content\/uploads\/2024\/07\/San-Carlos-e1614962400588.jpg 447w, https:\/\/isc-mlgo.edu.ar\/wp-content\/uploads\/2024\/07\/San-Carlos-e1614962400588-300x147.jpg 300w\" sizes=\"(max-width: 447px) 100vw, 447px\" \/>\t\t\t\t\t\t\t\t\t\t\t\t\t<\/div>\n\t\t\t\t<\/div>\n\t\t\t\t<\/div>\n\t\t<div class=\"elementor-element elementor-element-536deeb e-con-full e-flex e-con e-child\" data-id=\"536deeb\" data-element_type=\"container\" data-settings=\"{&quot;background_background&quot;:&quot;classic&quot;}\">\n\t\t<div class=\"elementor-element elementor-element-1828b1f e-flex e-con-boxed e-con e-child\" data-id=\"1828b1f\" data-element_type=\"container\">\n\t\t\t\t\t<div class=\"e-con-inner\">\n\t\t\t\t<div class=\"elementor-element elementor-element-05a0486 elementor-widget elementor-widget-heading\" data-id=\"05a0486\" data-element_type=\"widget\" data-widget_type=\"heading.default\">\n\t\t\t\t<div class=\"elementor-widget-container\">\n\t\t\t<style>\/*! elementor - v3.20.0 - 26-03-2024 *\/\n.elementor-heading-title{padding:0;margin:0;line-height:1}.elementor-widget-heading .elementor-heading-title[class*=elementor-size-]>a{color:inherit;font-size:inherit;line-height:inherit}.elementor-widget-heading .elementor-heading-title.elementor-size-small{font-size:15px}.elementor-widget-heading .elementor-heading-title.elementor-size-medium{font-size:19px}.elementor-widget-heading .elementor-heading-title.elementor-size-large{font-size:29px}.elementor-widget-heading .elementor-heading-title.elementor-size-xl{font-size:39px}.elementor-widget-heading .elementor-heading-title.elementor-size-xxl{font-size:59px}<\/style><h2 class=\"elementor-heading-title elementor-size-default\">Bienvenidos<\/h2>\t\t<\/div>\n\t\t\t\t<\/div>\n\t\t\t\t\t<\/div>\n\t\t\t\t<\/div>\n\t\t<div class=\"elementor-element elementor-element-ecfdfe6 e-con-full e-flex e-con e-child\" data-id=\"ecfdfe6\" data-element_type=\"container\">\n\t\t\t\t<div class=\"elementor-element elementor-element-171c1fe elementor-widget elementor-widget-heading\" data-id=\"171c1fe\" data-element_type=\"widget\" data-widget_type=\"heading.default\">\n\t\t\t\t<div class=\"elementor-widget-container\">\n\t\t\t<h2 class=\"elementor-heading-title elementor-size-default\">\u201cPARTICIPE DEL PRESENTE, AUTOR DEL MA\u00d1ANA\u201d<\/h2>\t\t<\/div>\n\t\t\t\t<\/div>\n\t\t\t\t<\/div>\n\t\t\t\t<\/div>\n\t\t\t\t\t<\/div>\n\t\t\t\t<\/div>\n\t\t<div class=\"elementor-element elementor-element-b15e59d e-flex e-con-boxed e-con e-parent\" data-id=\"b15e59d\" data-element_type=\"container\" data-core-v316-plus=\"true\">\n\t\t\t\t\t<div class=\"e-con-inner\">\n\t\t\t\t<div class=\"elementor-element elementor-element-5a98a2e elementor-widget elementor-widget-text-editor\" data-id=\"5a98a2e\" data-element_type=\"widget\" data-widget_type=\"text-editor.default\">\n\t\t\t\t<div class=\"elementor-widget-container\">\n\t\t\t<style>\/*! elementor - v3.20.0 - 26-03-2024 *\/\n.elementor-widget-text-editor.elementor-drop-cap-view-stacked .elementor-drop-cap{background-color:#69727d;color:#fff}.elementor-widget-text-editor.elementor-drop-cap-view-framed .elementor-drop-cap{color:#69727d;border:3px solid;background-color:transparent}.elementor-widget-text-editor:not(.elementor-drop-cap-view-default) .elementor-drop-cap{margin-top:8px}.elementor-widget-text-editor:not(.elementor-drop-cap-view-default) .elementor-drop-cap-letter{width:1em;height:1em}.elementor-widget-text-editor .elementor-drop-cap{float:left;text-align:center;line-height:1;font-size:50px}.elementor-widget-text-editor .elementor-drop-cap-letter{display:inline-block}<\/style>\t\t\t\t<p><strong>Instituto Parroquial de educaci\u00f3n p\u00fablica de gesti\u00f3n privada<\/strong><\/p><p class=\"inicio\">Perteneciente al Arzobispado de\u00a0C\u00f3rdoba creado por el Padre\u00a0 Carlos Marella. En la actualidad es atendido espiritualmente por la congregaci\u00f3n\u00a0de sus fundadores los\u00a0<strong>\u00absacerdotes del Sagrado Coraz\u00f3n de Jes\u00fas\u00bb\u00a0<\/strong>La instituci\u00f3n ofrece un proyecto educativo de nivel medio en donde el educando conecta, interpreta y transforma al mundo que le rodea,con el fin \u00a0de construir una sociedad que facilite a todos su propia realizaci\u00f3n.<\/p><p class=\"inicio\">Se profesa la fe Cat\u00f3lica Apost\u00f3lica Romana, con el carisma de AMOR Y REPARACI\u00d3N siguiendo por qui\u00e9n dio origen a la congregaci\u00f3n Padre Le\u00f3n Deh\u00f3n. Carisma que crece en un servicio social, en pos al\u00a0crecimiento\u00a0espiritual de los alumnos mediante la entrega generosa de los educadores, a la creaci\u00f3n de un ambiente de fraternidad y de amistad, a la apertura de \u00a0todos y para todos, especialmente a los m\u00e1s necesitados,a \u00a0la integraci\u00f3n en el medio social y cultural inmediato y como respuesta a las necesidades reales de los educando y la sociedad.<\/p><p class=\"inicio\">Nuestra propuesta educativa pretende acompa\u00f1ar a los alumnos en su crecimiento integral como personas cristianas, libres y responsables que trabajan para el bien com\u00fan de toda la poblaci\u00f3n.<\/p><p class=\"inicio\">Desde el a\u00f1o 1996 cada promoci\u00f3n que cumple sus Bodas de Plata, se acerca a la\u00a0instituci\u00f3n\u00a0para recordar y festejar junto con la\u00a0promoci\u00f3n que egrese en se a\u00f1o.<\/p><p class=\"inicio\"><b>En sus 50 a\u00f1os de vida egresaron 1125 alumnos, muchos de ellos hoy profesionales.<\/b><\/p>\t\t\t\t\t\t<\/div>\n\t\t\t\t<\/div>\n\t\t\t\t\t<\/div>\n\t\t\t\t<\/div>\n\t\t\t\t<\/div>\n\t\t","protected":false},"excerpt":{"rendered":"<p>Bienvenidos \u201cPARTICIPE DEL PRESENTE, AUTOR DEL MA\u00d1ANA\u201d Instituto Parroquial de educaci\u00f3n p\u00fablica de gesti\u00f3n privada Perteneciente al Arzobispado de\u00a0C\u00f3rdoba creado por el Padre\u00a0 Carlos Marella. En la actualidad es atendido espiritualmente por la congregaci\u00f3n\u00a0de sus fundadores los\u00a0\u00absacerdotes del Sagrado Coraz\u00f3n de Jes\u00fas\u00bb\u00a0La instituci\u00f3n ofrece un proyecto educativo de nivel medio en donde el educando conecta, &#8230; <a title=\"Inicio\" class=\"read-more\" href=\"https:\/\/isc-mlgo.edu.ar\/index.php\/inicio\/\">Leer mas&#8230;<\/a><\/p>\n","protected":false},"author":1,"featured_media":0,"parent":0,"menu_order":0,"comment_status":"closed","ping_status":"closed","template":"","meta":{"footnotes":""},"class_list":["post-1421","page","type-page","status-publish"],"_links":{"self":[{"href":"https:\/\/isc-mlgo.edu.ar\/index.php\/wp-json\/wp\/v2\/pages\/1421","targetHints":{"allow":["GET"]}}],"collection":[{"href":"https:\/\/isc-mlgo.edu.ar\/index.php\/wp-json\/wp\/v2\/pages"}],"about":[{"href":"https:\/\/isc-mlgo.edu.ar\/index.php\/wp-json\/wp\/v2\/types\/page"}],"author":[{"embeddable":true,"href":"https:\/\/isc-mlgo.edu.ar\/index.php\/wp-json\/wp\/v2\/users\/1"}],"replies":[{"embeddable":true,"href":"https:\/\/isc-mlgo.edu.ar\/index.php\/wp-json\/wp\/v2\/comments?post=1421"}],"version-history":[{"count":23,"href":"https:\/\/isc-mlgo.edu.ar\/index.php\/wp-json\/wp\/v2\/pages\/1421\/revisions"}],"predecessor-version":[{"id":1452,"href":"https:\/\/isc-mlgo.edu.ar\/index.php\/wp-json\/wp\/v2\/pages\/1421\/revisions\/1452"}],"wp:attachment":[{"href":"https:\/\/isc-mlgo.edu.ar\/index.php\/wp-json\/wp\/v2\/media?parent=1421"}],"curies":[{"name":"wp","href":"https:\/\/api.w.org\/{rel}","templated":true}]}}