{"id":49,"date":"2024-03-24T12:07:16","date_gmt":"2024-03-24T15:07:16","guid":{"rendered":"https:\/\/isc-mlgo.edu.ar\/?page_id=49"},"modified":"2024-07-21T21:34:02","modified_gmt":"2024-07-22T00:34:02","slug":"historia","status":"publish","type":"page","link":"https:\/\/isc-mlgo.edu.ar\/index.php\/historia\/","title":{"rendered":"Historia"},"content":{"rendered":"\t\t<div data-elementor-type=\"wp-page\" data-elementor-id=\"49\" class=\"elementor elementor-49\" data-elementor-post-type=\"page\">\n\t\t\t\t<div class=\"elementor-element elementor-element-5b25a5 e-flex e-con-boxed e-con e-parent\" data-id=\"5b25a5\" data-element_type=\"container\" data-core-v316-plus=\"true\">\n\t\t\t\t\t<div class=\"e-con-inner\">\n\t\t\t\t<div class=\"elementor-element elementor-element-712e5907 elementor-widget elementor-widget-heading\" data-id=\"712e5907\" data-element_type=\"widget\" data-widget_type=\"heading.default\">\n\t\t\t\t<div class=\"elementor-widget-container\">\n\t\t\t<style>\/*! elementor - v3.20.0 - 26-03-2024 *\/\n.elementor-heading-title{padding:0;margin:0;line-height:1}.elementor-widget-heading .elementor-heading-title[class*=elementor-size-]>a{color:inherit;font-size:inherit;line-height:inherit}.elementor-widget-heading .elementor-heading-title.elementor-size-small{font-size:15px}.elementor-widget-heading .elementor-heading-title.elementor-size-medium{font-size:19px}.elementor-widget-heading .elementor-heading-title.elementor-size-large{font-size:29px}.elementor-widget-heading .elementor-heading-title.elementor-size-xl{font-size:39px}.elementor-widget-heading .elementor-heading-title.elementor-size-xxl{font-size:59px}<\/style><h2 class=\"elementor-heading-title elementor-size-default\">Historia de Malague\u00f1o<\/h2>\t\t<\/div>\n\t\t\t\t<\/div>\n\t\t\t\t\t<\/div>\n\t\t\t\t<\/div>\n\t\t<div class=\"elementor-element elementor-element-88efa60 e-flex e-con-boxed e-con e-parent\" data-id=\"88efa60\" data-element_type=\"container\" data-core-v316-plus=\"true\">\n\t\t\t\t\t<div class=\"e-con-inner\">\n\t\t<div class=\"elementor-element elementor-element-570694c e-con-full e-flex e-con e-child\" data-id=\"570694c\" data-element_type=\"container\">\n\t\t\t\t<div class=\"elementor-element elementor-element-a736222 elementor-widget__width-initial elementor-widget elementor-widget-image\" data-id=\"a736222\" data-element_type=\"widget\" data-widget_type=\"image.default\">\n\t\t\t\t<div class=\"elementor-widget-container\">\n\t\t\t<style>\/*! elementor - v3.20.0 - 26-03-2024 *\/\n.elementor-widget-image{text-align:center}.elementor-widget-image a{display:inline-block}.elementor-widget-image a img[src$=\".svg\"]{width:48px}.elementor-widget-image img{vertical-align:middle;display:inline-block}<\/style>\t\t\t\t\t\t\t<figure class=\"wp-caption\">\n\t\t\t\t\t\t\t\t\t\t<img fetchpriority=\"high\" decoding=\"async\" width=\"206\" height=\"300\" src=\"https:\/\/isc-mlgo.edu.ar\/wp-content\/uploads\/2024\/03\/MapaMalagueno-206x300-1.png\" class=\"attachment-large size-large wp-image-787\" alt=\"\" \/>\t\t\t\t\t\t\t\t\t\t\t<figcaption class=\"widget-image-caption wp-caption-text\">1er Trazado urbano<\/figcaption>\n\t\t\t\t\t\t\t\t\t\t<\/figure>\n\t\t\t\t\t\t\t<\/div>\n\t\t\t\t<\/div>\n\t\t\t\t<\/div>\n\t\t<div class=\"elementor-element elementor-element-42e47f3 e-con-full e-flex e-con e-child\" data-id=\"42e47f3\" data-element_type=\"container\">\n\t\t\t\t<div class=\"elementor-element elementor-element-eb10101 elementor-widget__width-inherit inicio elementor-widget elementor-widget-text-editor\" data-id=\"eb10101\" data-element_type=\"widget\" data-widget_type=\"text-editor.default\">\n\t\t\t\t<div class=\"elementor-widget-container\">\n\t\t\t<style>\/*! elementor - v3.20.0 - 26-03-2024 *\/\n.elementor-widget-text-editor.elementor-drop-cap-view-stacked .elementor-drop-cap{background-color:#69727d;color:#fff}.elementor-widget-text-editor.elementor-drop-cap-view-framed .elementor-drop-cap{color:#69727d;border:3px solid;background-color:transparent}.elementor-widget-text-editor:not(.elementor-drop-cap-view-default) .elementor-drop-cap{margin-top:8px}.elementor-widget-text-editor:not(.elementor-drop-cap-view-default) .elementor-drop-cap-letter{width:1em;height:1em}.elementor-widget-text-editor .elementor-drop-cap{float:left;text-align:center;line-height:1;font-size:50px}.elementor-widget-text-editor .elementor-drop-cap-letter{display:inline-block}<\/style>\t\t\t\t<p class=\"inicio\">La rese\u00f1a hist\u00f3rica de Malague\u00f1o se remonta a 1586 cuando el gobernador de C\u00f3rdoba Lorenzo de Figueroa otorga la merced de Yocsina a Don Pedro Villagra.<\/p><p class=\"inicio\">Toma el car\u00e1cter de poblaci\u00f3n en el siglo XVII y estuvo ocupada por abor\u00edgenes de la zona, en honor a la procedencia del colonizador de M\u00e1laga (Espa\u00f1a) recibi\u00f3 el nombre de Malague\u00f1o.<\/p><p class=\"inicio\">En 1878 la zona donde se asienta \u00a0el pueblo, era una pradera semi\u00e1rida, la \u00fanica calle existente era la que actualmente lleva el nombre de Facundo Quiroga.<\/p><p class=\"inicio\">En 1878 la zona donde se asienta el pueblo, era una pradera semi\u00e1rida, la \u00fanica calle existente era la que actualmente lleva el nombre de Facundo Quiroga.<\/p><p class=\"inicio\">Desde 1880 se quemaba cal en el pueblo por medio de hornillos.<\/p>\t\t\t\t\t\t<\/div>\n\t\t\t\t<\/div>\n\t\t\t\t<\/div>\n\t\t\t\t\t<\/div>\n\t\t\t\t<\/div>\n\t\t<div class=\"elementor-element elementor-element-237d203e e-flex e-con-boxed e-con e-parent\" data-id=\"237d203e\" data-element_type=\"container\" data-core-v316-plus=\"true\">\n\t\t\t\t\t<div class=\"e-con-inner\">\n\t\t\t\t<div class=\"elementor-element elementor-element-473ec571 elementor-widget elementor-widget-heading\" data-id=\"473ec571\" data-element_type=\"widget\" data-widget_type=\"heading.default\">\n\t\t\t\t<div class=\"elementor-widget-container\">\n\t\t\t<h2 class=\"elementor-heading-title elementor-size-default\">Historia del Colegio<\/h2>\t\t<\/div>\n\t\t\t\t<\/div>\n\t\t\t\t\t<\/div>\n\t\t\t\t<\/div>\n\t\t<div class=\"elementor-element elementor-element-9438d41 e-flex e-con-boxed e-con e-parent\" data-id=\"9438d41\" data-element_type=\"container\" data-core-v316-plus=\"true\">\n\t\t\t\t\t<div class=\"e-con-inner\">\n\t\t<div class=\"elementor-element elementor-element-64a38fc e-con-full e-flex e-con e-child\" data-id=\"64a38fc\" data-element_type=\"container\">\n\t\t\t\t<div class=\"elementor-element elementor-element-860775b inicio elementor-widget elementor-widget-text-editor\" data-id=\"860775b\" data-element_type=\"widget\" data-widget_type=\"text-editor.default\">\n\t\t\t\t<div class=\"elementor-widget-container\">\n\t\t\t\t\t\t\t<p class=\"inicio\">Alrededor de 1900 se funda la primera escuela oficial, en 1963 comienza a funcionar la segunda escuela primaria de car\u00e1cter privado:<strong> \u00abColegio Inmaculado Coraz\u00f3n de Mar\u00eda\u00bb.<\/strong><\/p>\n<p class=\"inicio\">Con la llegada del cura p\u00e1rroco Carlos Marella se da un matiz diferente a Malague\u00f1o en su faz social, cultural y educativa. Podemos destacar la creaci\u00f3n del <strong>Instituto San Carlos<\/strong> como el pionero en la educaci\u00f3n secundaria en la zona<\/p>\t\t\t\t\t\t<\/div>\n\t\t\t\t<\/div>\n\t\t\t\t<\/div>\n\t\t<div class=\"elementor-element elementor-element-5bcdbb5 e-con-full e-flex e-con e-child\" data-id=\"5bcdbb5\" data-element_type=\"container\">\n\t\t\t\t<div class=\"elementor-element elementor-element-7a8ffa3 elementor-widget elementor-widget-image\" data-id=\"7a8ffa3\" data-element_type=\"widget\" data-widget_type=\"image.default\">\n\t\t\t\t<div class=\"elementor-widget-container\">\n\t\t\t\t\t\t\t\t\t\t<figure class=\"wp-caption\">\n\t\t\t\t\t\t\t\t\t\t<img decoding=\"async\" src=\"https:\/\/isc-mlgo.edu.ar\/wp-content\/uploads\/2024\/03\/padre-carlos-marella-277x300-1.jpg\" title=\"padre-carlos-marella-277&#215;300\" alt=\"padre-carlos-marella-277x300\" loading=\"lazy\" \/>\t\t\t\t\t\t\t\t\t\t\t<figcaption class=\"widget-image-caption wp-caption-text\">Padre carlos Marella<\/figcaption>\n\t\t\t\t\t\t\t\t\t\t<\/figure>\n\t\t\t\t\t\t\t<\/div>\n\t\t\t\t<\/div>\n\t\t\t\t<\/div>\n\t\t\t\t\t<\/div>\n\t\t\t\t<\/div>\n\t\t<div class=\"elementor-element elementor-element-b74b4ef e-flex e-con-boxed e-con e-parent\" data-id=\"b74b4ef\" data-element_type=\"container\" data-core-v316-plus=\"true\">\n\t\t\t\t\t<div class=\"e-con-inner\">\n\t\t<div class=\"elementor-element elementor-element-4193e7c e-con-full e-flex e-con e-child\" data-id=\"4193e7c\" data-element_type=\"container\">\n\t\t\t\t<div class=\"elementor-element elementor-element-4fddfce elementor-widget elementor-widget-image\" data-id=\"4fddfce\" data-element_type=\"widget\" data-widget_type=\"image.default\">\n\t\t\t\t<div class=\"elementor-widget-container\">\n\t\t\t\t\t\t\t\t\t\t\t\t\t<img decoding=\"async\" width=\"300\" height=\"175\" src=\"https:\/\/isc-mlgo.edu.ar\/wp-content\/uploads\/2024\/03\/alumnado-300x175-1.jpg\" class=\"attachment-large size-large wp-image-785\" alt=\"\" \/>\t\t\t\t\t\t\t\t\t\t\t\t\t<\/div>\n\t\t\t\t<\/div>\n\t\t\t\t<\/div>\n\t\t<div class=\"elementor-element elementor-element-01e10fe e-con-full e-flex e-con e-child\" data-id=\"01e10fe\" data-element_type=\"container\">\n\t\t\t\t<div class=\"elementor-element elementor-element-aa74631 inicio elementor-widget elementor-widget-text-editor\" data-id=\"aa74631\" data-element_type=\"widget\" data-widget_type=\"text-editor.default\">\n\t\t\t\t<div class=\"elementor-widget-container\">\n\t\t\t\t\t\t\t<p class=\"inicio\">Corr\u00eda el a\u00f1o 1964 y\u00a0Malague\u00f1o\u00a0no ten\u00eda escuela secundaria. Los adolescentes deb\u00edan viajar a la ciudad de C\u00f3rdoba para continuar sus estudios, pero no todos ten\u00edan esa posibilidad ya sea por los costos que implicaba o la distancia no cubierta por medios de transporte.<\/p>\t\t\t\t\t\t<\/div>\n\t\t\t\t<\/div>\n\t\t\t\t<\/div>\n\t\t\t\t\t<\/div>\n\t\t\t\t<\/div>\n\t\t<div class=\"elementor-element elementor-element-d8afbb4 e-flex e-con-boxed e-con e-parent\" data-id=\"d8afbb4\" data-element_type=\"container\" data-core-v316-plus=\"true\">\n\t\t\t\t\t<div class=\"e-con-inner\">\n\t\t\t\t<div class=\"elementor-element elementor-element-f60614e inicio elementor-widget elementor-widget-text-editor\" data-id=\"f60614e\" data-element_type=\"widget\" data-widget_type=\"text-editor.default\">\n\t\t\t\t<div class=\"elementor-widget-container\">\n\t\t\t\t\t\t\t<p class=\"inicio\">El Padre Carlos Marella, interpreta esta necesidad y pone en marcha la idea de crear un Colegio nacional de nivel medio, cuya fundaci\u00f3n se realiza el 21 de Diciembre de 1964 con el nombre de <strong>\u00abInstituto Dehoniano\u00bb<\/strong>, en honor al Padre Le\u00f3n Dehon, fundador de la Congregaci\u00f3n de los Sacerdotes del Sagrado Coraz\u00f3n de Jes\u00fas. Dicho instituto comienza sus funciones el 12 de Marzo de 1965 con 35 alumnos<\/p><p class=\"inicio\">Su primera Directora fue la profesora Dora Boudou de Fuembuena, quien se desempe\u00f1\u00f3 hasta el a\u00f1o 1970. Le sucedi\u00f3 en el cargo la profesora Mar\u00eda Elisa Zurita hasta el a\u00f1o 1986, donde asume la profesora Nelly Chicharevich de Molina y el 21 de Febrero de 2005 asume la actual Directora y profesora Alicia Del Carmen Pinat.<\/p><p class=\"inicio\">Su primer Representante Legal fue el Padre Fundador, Carlos Marella y en la actualidad, la Representante Legal es la Cra. Fernanda Bernahola quien asume el 25 de febrero de 2014<\/p><p class=\"inicio\">El 7 de Marzo de 1965, la primera inspecci\u00f3n de la Superintendencia Nacional de Ense\u00f1anza Privada (S.N.E.P), sugiere el cambio de nombre y desde ese d\u00eda, se denomin\u00f3 INSTITUTO SAN CARLOS, en homenaje a su fundador Padre Carlos Marella quien lo hab\u00eda llevado adelante, con sacrificio y celo apost\u00f3lico por los conocidos. Es as\u00ed que en la memoria de Carlos Marella se institucionaliz\u00f3 el d\u00eda del Instituto San Carlos el 26 de julio del 2002 por ser el a\u00f1o de su desaparici\u00f3n f\u00edsica.<\/p><p class=\"inicio\">Como primer establecimiento secundario de Malague\u00f1o y \u00fanico por varios a\u00f1os, comenz\u00f3 a funcionar con un primer a\u00f1o de 35 alumnos y su primera planta funcional estuvo constitu\u00edda por la Rectora: Dora Boudou de Feumbuena, Secretaria: Maria Mercedes Sosa de Loncar y los profesores: Marta de L\u00f3pez de Cerruti, Oscar D\u00e1vila, Maria Mercedes Becerra, Ana Maria Morra, Maria Amelia Luque, Nelly Chicharevich, Susana Fuembuena, Edda Romano, Juan Cortinaris y Marta Lucia Fananni.<\/p><p class=\"inicio\">En diciembre de 1969 egresan los primeros Peritos Mercantiles siendo un total de 14 (catorce) alumnos.<br \/>El colegio San Carlos, apuesta desde siempre por la educaci\u00f3n integral. Considera los valores, la cultura, la Fe, la vida y el avance tecnol\u00f3gico como bases fundamentales para el proceso de aprendizaje del ser humano.<\/p><p class=\"inicio\">Como colegio perteneciente a la Super Intendencia Nacional de ense\u00f1anza privada, transferido al Ministerio de Educaci\u00f3n de la provincia de C\u00f3rdoba en el a\u00f1o 1992.<\/p><p class=\"inicio\">En 1995 el Instituto inicia una nueva etapa en el marco de la ley Federal de Educaci\u00f3n implement\u00e1ndose en el a\u00f1o 1996, 2 ciclos en el mismo nivel CBU y CE logrando la orientaci\u00f3n deseada: ECONOM\u00cdA Y GESTI\u00d3N DE LAS ORGANIZACIONES, con la especialidad GESTI\u00d3N ADMINISTRATIVA.<\/p><p class=\"inicio\">Desde el 2011 los ciclos cambian de CBU a C.B. (Ciclo B\u00e1sico) y de CE a C.O. (Ciclo Orientado) en Econom\u00eda y Administraci\u00f3n.<\/p>\t\t\t\t\t\t<\/div>\n\t\t\t\t<\/div>\n\t\t\t\t\t<\/div>\n\t\t\t\t<\/div>\n\t\t<div class=\"elementor-element elementor-element-689c286 e-flex e-con-boxed e-con e-parent\" data-id=\"689c286\" data-element_type=\"container\" data-core-v316-plus=\"true\">\n\t\t\t\t\t<div class=\"e-con-inner\">\n\t\t<div class=\"elementor-element elementor-element-efa1681 e-con-full e-flex e-con e-child\" data-id=\"efa1681\" data-element_type=\"container\">\n\t\t\t\t<div class=\"elementor-element elementor-element-8347c6d elementor-widget elementor-widget-image\" data-id=\"8347c6d\" data-element_type=\"widget\" data-widget_type=\"image.default\">\n\t\t\t\t<div class=\"elementor-widget-container\">\n\t\t\t\t\t\t\t\t\t\t\t\t\t<img decoding=\"async\" width=\"300\" height=\"225\" src=\"https:\/\/isc-mlgo.edu.ar\/wp-content\/uploads\/2024\/07\/dia-del-instituto-300x225-1.jpg\" class=\"attachment-medium_large size-medium_large wp-image-1454\" alt=\"\" \/>\t\t\t\t\t\t\t\t\t\t\t\t\t<\/div>\n\t\t\t\t<\/div>\n\t\t\t\t<\/div>\n\t\t<div class=\"elementor-element elementor-element-2570614 e-con-full e-flex e-con e-child\" data-id=\"2570614\" data-element_type=\"container\">\n\t\t\t\t<div class=\"elementor-element elementor-element-9dd5646 elementor-widget__width-initial elementor-widget elementor-widget-text-editor\" data-id=\"9dd5646\" data-element_type=\"widget\" data-widget_type=\"text-editor.default\">\n\t\t\t\t<div class=\"elementor-widget-container\">\n\t\t\t\t\t\t\t<p class=\"inicio\">Hist\u00f3ricamente El 4 de noviembre fue considerado el D\u00eda de Instituto. En 2015, a\u00f1o en el que la Instituci\u00f3n cumpli\u00f3 sus 50 a\u00f1os y la misma fue modificada al 27\/08, fecha elegida por el nacimiento del Padre Carlos Marella.<\/p><p class=\"inicio\">El prestigio de los egresados en la comunidad, nos caracteriza y nos impulsa a seguir trabajando en la preparaci\u00f3n actualizada de los j\u00f3venes que hoy asisten a las aulas y a responder a sus inquietudes. El deseo de brindar un servicio de excelencia a la comunidad, sigue siendo nuestras mayores inspiraciones.<\/p>\t\t\t\t\t\t<\/div>\n\t\t\t\t<\/div>\n\t\t\t\t<\/div>\n\t\t\t\t\t<\/div>\n\t\t\t\t<\/div>\n\t\t\t\t<\/div>\n\t\t","protected":false},"excerpt":{"rendered":"<p>Historia de Malague\u00f1o 1er Trazado urbano La rese\u00f1a hist\u00f3rica de Malague\u00f1o se remonta a 1586 cuando el gobernador de C\u00f3rdoba Lorenzo de Figueroa otorga la merced de Yocsina a Don Pedro Villagra. Toma el car\u00e1cter de poblaci\u00f3n en el siglo XVII y estuvo ocupada por abor\u00edgenes de la zona, en honor a la procedencia del &#8230; <a title=\"Historia\" class=\"read-more\" href=\"https:\/\/isc-mlgo.edu.ar\/index.php\/historia\/\">Leer mas&#8230;<\/a><\/p>\n","protected":false},"author":1,"featured_media":0,"parent":0,"menu_order":0,"comment_status":"closed","ping_status":"closed","template":"","meta":{"footnotes":""},"class_list":["post-49","page","type-page","status-publish"],"_links":{"self":[{"href":"https:\/\/isc-mlgo.edu.ar\/index.php\/wp-json\/wp\/v2\/pages\/49","targetHints":{"allow":["GET"]}}],"collection":[{"href":"https:\/\/isc-mlgo.edu.ar\/index.php\/wp-json\/wp\/v2\/pages"}],"about":[{"href":"https:\/\/isc-mlgo.edu.ar\/index.php\/wp-json\/wp\/v2\/types\/page"}],"author":[{"embeddable":true,"href":"https:\/\/isc-mlgo.edu.ar\/index.php\/wp-json\/wp\/v2\/users\/1"}],"replies":[{"embeddable":true,"href":"https:\/\/isc-mlgo.edu.ar\/index.php\/wp-json\/wp\/v2\/comments?post=49"}],"version-history":[{"count":77,"href":"https:\/\/isc-mlgo.edu.ar\/index.php\/wp-json\/wp\/v2\/pages\/49\/revisions"}],"predecessor-version":[{"id":1457,"href":"https:\/\/isc-mlgo.edu.ar\/index.php\/wp-json\/wp\/v2\/pages\/49\/revisions\/1457"}],"wp:attachment":[{"href":"https:\/\/isc-mlgo.edu.ar\/index.php\/wp-json\/wp\/v2\/media?parent=49"}],"curies":[{"name":"wp","href":"https:\/\/api.w.org\/{rel}","templated":true}]}}